{"id":992,"date":"2018-05-30T14:08:44","date_gmt":"2018-05-30T14:08:44","guid":{"rendered":"https:\/\/zorkolegal.com\/dr-zorkoczy-tamas\/"},"modified":"2021-04-09T12:19:33","modified_gmt":"2021-04-09T12:19:33","slug":"dr-tamas-zorkoczy","status":"publish","type":"page","link":"https:\/\/zorkolegal.com\/en\/who-we-are\/dr-tamas-zorkoczy\/","title":{"rendered":"Dr. Tam\u00e1s Zork\u00f3czy"},"content":{"rendered":"<p>[et_pb_section fb_built=&#8221;1&#8243; _builder_version=&#8221;3.22&#8243; custom_margin=&#8221;||0px|&#8221; custom_padding=&#8221;||0px|&#8221;][et_pb_row _builder_version=&#8221;3.25&#8243;][et_pb_column type=&#8221;4_4&#8243; _builder_version=&#8221;3.25&#8243; custom_padding=&#8221;|||&#8221; custom_padding__hover=&#8221;|||&#8221;][et_pb_text _builder_version=&#8221;4.9.3&#8243; text_font=&#8221;|600||on|||||&#8221; text_text_color=&#8221;#000000&#8243; text_font_size=&#8221;38px&#8221; text_font_size_tablet=&#8221;30px&#8221; text_font_size_phone=&#8221;20px&#8221; text_font_size_last_edited=&#8221;on|phone&#8221;]Dr. Tam\u00e1s Zork\u00f3czy [\/et_pb_text][et_pb_text _builder_version=&#8221;4.9.3&#8243;]<\/p>\n<p>Managing Attorney<\/p>\n<p>[\/et_pb_text][\/et_pb_column][\/et_pb_row][\/et_pb_section][et_pb_section fb_built=&#8221;1&#8243; specialty=&#8221;on&#8221; _builder_version=&#8221;3.22&#8243; custom_margin=&#8221;0px|||&#8221; custom_padding=&#8221;0px|||&#8221;][et_pb_column type=&#8221;1_4&#8243; _builder_version=&#8221;3.25&#8243; custom_padding=&#8221;|||&#8221; custom_padding__hover=&#8221;|||&#8221;][et_pb_image src=&#8221;https:\/\/zorkolegal.com\/wp-content\/uploads\/2018\/11\/Zorkoczy-Tamas.jpg&#8221; align_tablet=&#8221;center&#8221; align_phone=&#8221;&#8221; align_last_edited=&#8221;on|desktop&#8221; _builder_version=&#8221;3.23&#8243; animation_style=&#8221;zoom&#8221;][\/et_pb_image][\/et_pb_column][et_pb_column type=&#8221;3_4&#8243; specialty_columns=&#8221;3&#8243; _builder_version=&#8221;3.25&#8243; custom_padding=&#8221;|||&#8221; custom_padding__hover=&#8221;|||&#8221;][et_pb_row_inner admin_label=&#8221;Sor&#8221; _builder_version=&#8221;3.25&#8243;][et_pb_column_inner saved_specialty_column_type=&#8221;3_4&#8243; _builder_version=&#8221;3.25&#8243; custom_padding=&#8221;|||&#8221; custom_padding__hover=&#8221;|||&#8221;][et_pb_text _builder_version=&#8221;4.9.3&#8243; text_orientation=&#8221;justified&#8221;]<\/p>\n<p>Founder of the Dr. Zork\u00f3czy Tam\u00e1s Law Office. Since 2006 he has been the legal advisor of TriGranit Management Zrt., (later Granit Polus Management Zrt.), one of the leading real estate development and operating groups in Central Europe.<\/p>\n<p>In 2012, he founded Dr. Zork\u00f3czy Tam\u00e1s Law Office which, based on his extensive knowledge and experience in business law, provides his clients with fast and efficient premium legal services. He takes particular care to ensure that the documents issued by his law firm provide a solid legal basis for achieving success for his clients.<\/p>\n<p>He specialises in real estate law, business law and corporate law. He has international large corporate experience in corporate and real estate transactions, financings, foreign and domestic property management and facility management in Central and Eastern Europe and the Middle East.<\/p>\n<p>He graduated from the Faculty of Law and Political Sciences of P\u00e1zm\u00e1ny P\u00e9ter Catholic University in 2004 and is a member of the Budapest Bar Association. He works in English and Hungarian.<\/p>\n<p>[\/et_pb_text][\/et_pb_column_inner][\/et_pb_row_inner][et_pb_row_inner column_structure=&#8221;1_3,1_3,1_3&#8243; admin_label=&#8221;Sor&#8221; _builder_version=&#8221;3.25&#8243; animation_style=&#8221;slide&#8221; animation_direction=&#8221;bottom&#8221;][et_pb_column_inner type=&#8221;1_3&#8243; saved_specialty_column_type=&#8221;3_4&#8243; _builder_version=&#8221;3.25&#8243; custom_padding=&#8221;|||&#8221; custom_padding__hover=&#8221;|||&#8221;][et_pb_blurb title=&#8221;PHONE&#8221; use_icon=&#8221;on&#8221; font_icon=&#8221;%%104%%&#8221; icon_color=&#8221;rgba(0,0,0,0.6)&#8221; icon_placement=&#8221;left&#8221; _builder_version=&#8221;4.9.3&#8243; header_font=&#8221;|700||on|||||&#8221;]<\/p>\n<p><span style=\"color: #004386;\"><a style=\"color: #004386;\" href=\"tel:+36703676617\">+36 70 367 6617<\/a><\/span><\/p>\n<p>[\/et_pb_blurb][\/et_pb_column_inner][et_pb_column_inner type=&#8221;1_3&#8243; saved_specialty_column_type=&#8221;3_4&#8243; _builder_version=&#8221;3.25&#8243; custom_padding=&#8221;|||&#8221; custom_padding__hover=&#8221;|||&#8221;][et_pb_blurb title=&#8221;E-MAIL&#8221; use_icon=&#8221;on&#8221; font_icon=&#8221;%%109%%&#8221; icon_color=&#8221;rgba(0,0,0,0.6)&#8221; icon_placement=&#8221;left&#8221; _builder_version=&#8221;3.4.1&#8243; header_font=&#8221;|700||on|||||&#8221;]<span style=\"color: #004386;\"><a style=\"color: #004386;\" href=\"mailto:tzorkoczy@zorkolegal.com\">tzorkoczy@zorkolegal.com<\/a><\/span><br \/>\n[\/et_pb_blurb][\/et_pb_column_inner][et_pb_column_inner type=&#8221;1_3&#8243; saved_specialty_column_type=&#8221;3_4&#8243; _builder_version=&#8221;3.25&#8243; custom_padding=&#8221;|||&#8221; custom_padding__hover=&#8221;|||&#8221;][et_pb_social_media_follow _builder_version=&#8221;3.9&#8243;][et_pb_social_media_follow_network social_network=&#8221;linkedin&#8221; url=&#8221;https:\/\/www.linkedin.com\/in\/zorkoczy-tamas-778a8783\/&#8221; _builder_version=&#8221;3.9&#8243; background_color=&#8221;#004386&#8243; follow_button=&#8221;off&#8221; url_new_window=&#8221;on&#8221;]LinkedIn<br \/>\n[\/et_pb_social_media_follow_network][\/et_pb_social_media_follow][\/et_pb_column_inner][\/et_pb_row_inner][\/et_pb_column][\/et_pb_section]<\/p>\n","protected":false},"excerpt":{"rendered":"<p>Dr. Tam\u00e1s Zork\u00f3czy Managing AttorneyFounder of the Dr. Zork\u00f3czy Tam\u00e1s Law Office. Since 2006 he has been the legal advisor of TriGranit Management Zrt., (later Granit Polus Management Zrt.), one of the leading real estate development and operating groups in Central Europe. In 2012, he founded Dr. Zork\u00f3czy Tam\u00e1s Law Office which, based on his [&hellip;]<\/p>\n","protected":false},"author":1,"featured_media":0,"parent":1035,"menu_order":0,"comment_status":"closed","ping_status":"closed","template":"","meta":{"_et_pb_use_builder":"on","_et_pb_old_content":"","_et_gb_content_width":"","footnotes":""},"class_list":["post-992","page","type-page","status-publish","hentry"],"_links":{"self":[{"href":"https:\/\/zorkolegal.com\/en\/wp-json\/wp\/v2\/pages\/992","targetHints":{"allow":["GET"]}}],"collection":[{"href":"https:\/\/zorkolegal.com\/en\/wp-json\/wp\/v2\/pages"}],"about":[{"href":"https:\/\/zorkolegal.com\/en\/wp-json\/wp\/v2\/types\/page"}],"author":[{"embeddable":true,"href":"https:\/\/zorkolegal.com\/en\/wp-json\/wp\/v2\/users\/1"}],"replies":[{"embeddable":true,"href":"https:\/\/zorkolegal.com\/en\/wp-json\/wp\/v2\/comments?post=992"}],"version-history":[{"count":3,"href":"https:\/\/zorkolegal.com\/en\/wp-json\/wp\/v2\/pages\/992\/revisions"}],"predecessor-version":[{"id":1000,"href":"https:\/\/zorkolegal.com\/en\/wp-json\/wp\/v2\/pages\/992\/revisions\/1000"}],"up":[{"embeddable":true,"href":"https:\/\/zorkolegal.com\/en\/wp-json\/wp\/v2\/pages\/1035"}],"wp:attachment":[{"href":"https:\/\/zorkolegal.com\/en\/wp-json\/wp\/v2\/media?parent=992"}],"curies":[{"name":"wp","href":"https:\/\/api.w.org\/{rel}","templated":true}]}}